{"id":63,"date":"2024-12-10T20:22:14","date_gmt":"2024-12-10T19:22:14","guid":{"rendered":"https:\/\/www.mazorca.art\/?page_id=63"},"modified":"2026-04-21T15:02:13","modified_gmt":"2026-04-21T13:02:13","slug":"home","status":"publish","type":"page","link":"https:\/\/mazorca.art\/","title":{"rendered":"Inicio"},"content":{"rendered":"<h1>Bienvenida a MAZORCA<\/h1>\n<p>MAZORCA es una plataforma, un puente, un trampol\u00edn: queremos que el arte del Centro de Am\u00e9rica trascienda en el mundo, y queremos darle cabida en la escena art\u00edstica europea.<\/p>\n<h1>\u00a0<\/h1>\n<p data-start=\"87\" data-end=\"159\">\u00a0<\/p>\n\n\n<figure class=\"wp-block-gallery has-nested-images columns-default is-cropped wp-block-gallery-1 is-layout-flex wp-block-gallery-is-layout-flex\"><\/figure>\n\n\n\n<figure class=\"wp-block-gallery has-nested-images columns-default is-cropped wp-block-gallery-2 is-layout-flex wp-block-gallery-is-layout-flex\"><\/figure>\n\n\n\n<p><\/p>\n\n\n\n<p><\/p>\n","protected":false},"excerpt":{"rendered":"<p>Bienvenida a MAZORCA MAZORCA es una plataforma, un puente, un trampol\u00edn: queremos que el arte del Centro de Am\u00e9rica trascienda en el mundo, y queremos darle cabida en la escena art\u00edstica europea. \u00a0 \u00a0<\/p>\n","protected":false},"author":1,"featured_media":0,"parent":0,"menu_order":0,"comment_status":"closed","ping_status":"closed","template":"","meta":{"give_campaign_id":0,"footnotes":""},"class_list":["post-63","page","type-page","status-publish","hentry"],"campaignId":"","_links":{"self":[{"href":"https:\/\/mazorca.art\/index.php?rest_route=\/wp\/v2\/pages\/63","targetHints":{"allow":["GET"]}}],"collection":[{"href":"https:\/\/mazorca.art\/index.php?rest_route=\/wp\/v2\/pages"}],"about":[{"href":"https:\/\/mazorca.art\/index.php?rest_route=\/wp\/v2\/types\/page"}],"author":[{"embeddable":true,"href":"https:\/\/mazorca.art\/index.php?rest_route=\/wp\/v2\/users\/1"}],"replies":[{"embeddable":true,"href":"https:\/\/mazorca.art\/index.php?rest_route=%2Fwp%2Fv2%2Fcomments&post=63"}],"version-history":[{"count":89,"href":"https:\/\/mazorca.art\/index.php?rest_route=\/wp\/v2\/pages\/63\/revisions"}],"predecessor-version":[{"id":1344,"href":"https:\/\/mazorca.art\/index.php?rest_route=\/wp\/v2\/pages\/63\/revisions\/1344"}],"wp:attachment":[{"href":"https:\/\/mazorca.art\/index.php?rest_route=%2Fwp%2Fv2%2Fmedia&parent=63"}],"curies":[{"name":"wp","href":"https:\/\/api.w.org\/{rel}","templated":true}]}}