{"id":64,"date":"2024-12-10T20:22:14","date_gmt":"2024-12-10T19:22:14","guid":{"rendered":"https:\/\/www.mazorca.art\/?page_id=64"},"modified":"2026-05-01T22:57:50","modified_gmt":"2026-05-01T20:57:50","slug":"about","status":"publish","type":"page","link":"https:\/\/mazorca.art\/?page_id=64","title":{"rendered":"Qui\u00e9nes somos"},"content":{"rendered":"<h2>\u00bfQu\u00e9 es MAZORCA?<\/h2>\n<p>MAZORCA es una plataforma y una vitrina para dar a conocer la vibrante escena arti\u0301stica de Centroame\u0301rica al pu\u0301blico europeo.<\/p>\n<p>\u00bfPor que\u0301 MAZORCA?\u00a0<\/p>\n<p>\u201cDe mai\u0301z amarillo y de mai\u0301z blanco se hizo su carne, de masa de mai\u0301z se hicieron los brazos y las piernas del hombre. U\u0301nicamente masa de mai\u0301z entro\u0301 en la carne de nuestros padres\u201d &#8211; Popol Vuh\u00a0<\/p>\n<p>En la tradicio\u0301n precolombina, se dice que la humanidad esta\u0301 hecha de mai\u0301z. La mazorca es si\u0301mbolo de unidad. Cada grano es la expresio\u0301n de una identidad propia, todos esta\u0301n unidos a un tronco comu\u0301n: la cultura.\u00a0<\/p>\n<h2>Misi\u00f3n<\/h2>\n<p>Mazorca busca celebrar la diversidad cultural de Centroam\u00e9rica. Su objetivo es posicionar el arte centroamericano en el escenario global, promoviendo la creaci\u00f3n, la formaci\u00f3n y el intercambio cultural. A largo plazo, aspira a que la regi\u00f3n sea un referente en el arte mundial, con una presencia destacada en museos, galer\u00edas e instituciones culturales europeas.<\/p>\n<h2>\u00bfPor qu\u00e9 lo hace?<\/h2>\n<p>Porque las grandes obras son grandes\u00a0 tambi\u00e9n fuera de su contexto de creaci\u00f3n, MAZORCA es un impulso para dar la oportunidad a talentos de Centroam\u00e9rica a que accedan al p\u00fablico europeo a largo plazo &#8211; as\u00ed como ya lo est\u00e1n haciendo en EEUU.<\/p>\n<p>\u00a0<\/p>\n\n\n<p><\/p>\n","protected":false},"excerpt":{"rendered":"<p>\u00bfQu\u00e9 es MAZORCA? MAZORCA es una plataforma y una vitrina para dar a conocer la vibrante escena arti\u0301stica de Centroame\u0301rica al pu\u0301blico europeo. \u00bfPor que\u0301 MAZORCA?\u00a0 \u201cDe mai\u0301z amarillo y de mai\u0301z blanco se hizo su carne, de masa de mai\u0301z se hicieron los brazos y las piernas del hombre. U\u0301nicamente masa de mai\u0301z entro\u0301 &hellip; <\/p>\n<p class=\"link-more\"><a href=\"https:\/\/mazorca.art\/?page_id=64\" class=\"more-link\">Continue reading<span class=\"screen-reader-text\"> &#8220;Qui\u00e9nes somos&#8221;<\/span><\/a><\/p>\n","protected":false},"author":1,"featured_media":458,"parent":0,"menu_order":0,"comment_status":"closed","ping_status":"closed","template":"","meta":{"give_campaign_id":0,"footnotes":""},"class_list":["post-64","page","type-page","status-publish","has-post-thumbnail","hentry"],"campaignId":"","_links":{"self":[{"href":"https:\/\/mazorca.art\/index.php?rest_route=\/wp\/v2\/pages\/64","targetHints":{"allow":["GET"]}}],"collection":[{"href":"https:\/\/mazorca.art\/index.php?rest_route=\/wp\/v2\/pages"}],"about":[{"href":"https:\/\/mazorca.art\/index.php?rest_route=\/wp\/v2\/types\/page"}],"author":[{"embeddable":true,"href":"https:\/\/mazorca.art\/index.php?rest_route=\/wp\/v2\/users\/1"}],"replies":[{"embeddable":true,"href":"https:\/\/mazorca.art\/index.php?rest_route=%2Fwp%2Fv2%2Fcomments&post=64"}],"version-history":[{"count":316,"href":"https:\/\/mazorca.art\/index.php?rest_route=\/wp\/v2\/pages\/64\/revisions"}],"predecessor-version":[{"id":1376,"href":"https:\/\/mazorca.art\/index.php?rest_route=\/wp\/v2\/pages\/64\/revisions\/1376"}],"wp:featuredmedia":[{"embeddable":true,"href":"https:\/\/mazorca.art\/index.php?rest_route=\/wp\/v2\/media\/458"}],"wp:attachment":[{"href":"https:\/\/mazorca.art\/index.php?rest_route=%2Fwp%2Fv2%2Fmedia&parent=64"}],"curies":[{"name":"wp","href":"https:\/\/api.w.org\/{rel}","templated":true}]}}