{"id":916,"date":"2025-03-04T23:46:00","date_gmt":"2025-03-04T22:46:00","guid":{"rendered":"https:\/\/mazorca.art\/?page_id=916"},"modified":"2026-04-21T15:09:50","modified_gmt":"2026-04-21T13:09:50","slug":"biografia-sandra-monterroso","status":"publish","type":"page","link":"https:\/\/mazorca.art\/?page_id=916","title":{"rendered":"Sandra Monterroso"},"content":{"rendered":"\n<p>Residenta Julio &#8211; Octubre 2025<\/p>\n\n\n<p><img fetchpriority=\"high\" decoding=\"async\" src=\"https:\/\/mazorca.art\/wp-content\/uploads\/2025\/03\/Sandra-Monterroso-e1741127864584.jpeg\" sizes=\"100vw\" srcset=\"https:\/\/mazorca.art\/wp-content\/uploads\/2025\/03\/Sandra-Monterroso-e1741127864584.jpeg 354w, https:\/\/mazorca.art\/wp-content\/uploads\/2025\/03\/Sandra-Monterroso-e1741127864584-247x300.jpeg 247w\" alt=\"\" width=\"354\" height=\"430\" \/><\/p>\n<h2>Sandra Monterroso<\/h2>\n<\/p>\n\n\n<p>Sandra Monterroso, Guatemala, 1974<\/p>\n\n\n\n<p><br>Graduada de Doctorado en filosof\u00eda del arte por la Academia de Arte de Viena en el a\u00f1o 2020. Obtiene una Maestr\u00eda enProcesos de Dise\u00f1o en UPAEP, Universidad de Puebla, M\u00e9xico, en el a\u00f1o 2007. Es licenciada en Dise\u00f1o Gr\u00e1fico por la Universidad Rafael Landivar de Guatemala en el a\u00f1o 2001.<br>Ha realizado 19 exposiciones individuales y m\u00e1s de cincuenta exposiciones colectivas nacionales e internacionales, ha representado a su pa\u00eds en m \u00e1s de 12 bienales internacionales y nacionales, entre las que destacan la 56 Bienal de Venecia, la 12 Bienal de La Habana en 2015 y la Trienal de Sorocaba, Frestas, Brasil en 2017.<br>Su obra se encuentra en importantes colecciones tales como: Colecci\u00f3n Reyna Sof\u00eda, Madrid. Colecci\u00f3n Yes Contemporary, Miami. Colecci\u00f3n Fundaci\u00f3n Paiz para el arte y la cultura, Guatemala. Colecci\u00f3n university of Essex, Colchester, Inglaterra. Fundaci\u00f3n Ort\u00edz Gurdi\u00e1n, Managua, Nicaragua. Museo de Dise\u00f1o y Arte Contempor\u00e1neo de Costa Rica. Colecci\u00f3n Mario Cader Frech y Colecci\u00f3n Ernesto Poma, El Salvador. Colecciones privadas en Guatemala, M\u00e9xico, Panam\u00e1, UK, USA. Ha sido nominada y ganado diferentes premios internacionales y ha ganado premios nacionales.<\/p>\n\n\n\n<div class=\"wp-block-columns is-layout-flex wp-container-core-columns-is-layout-1 wp-block-columns-is-layout-flex\">\n<div class=\"wp-block-column is-layout-flow wp-block-column-is-layout-flow\" style=\"flex-basis:100%\">\n<figure class=\"wp-block-gallery has-nested-images columns-default is-cropped wp-block-gallery-1 is-layout-flex wp-block-gallery-is-layout-flex\">\n<figure class=\"wp-block-image size-large\"><img decoding=\"async\" width=\"819\" height=\"1024\" src=\"https:\/\/mazorca.art\/wp-content\/uploads\/2025\/11\/Open-Studio-Sandra-Monterroso-2-819x1024.png\" alt=\"\" class=\"wp-image-1248\" srcset=\"https:\/\/mazorca.art\/wp-content\/uploads\/2025\/11\/Open-Studio-Sandra-Monterroso-2-819x1024.png 819w, https:\/\/mazorca.art\/wp-content\/uploads\/2025\/11\/Open-Studio-Sandra-Monterroso-2-240x300.png 240w, https:\/\/mazorca.art\/wp-content\/uploads\/2025\/11\/Open-Studio-Sandra-Monterroso-2-768x960.png 768w, https:\/\/mazorca.art\/wp-content\/uploads\/2025\/11\/Open-Studio-Sandra-Monterroso-2.png 1080w\" sizes=\"(max-width: 767px) 89vw, (max-width: 1000px) 54vw, (max-width: 1071px) 543px, 580px\" \/><\/figure>\n\n\n\n<figure class=\"wp-block-image size-large\"><img decoding=\"async\" width=\"681\" height=\"1024\" src=\"https:\/\/mazorca.art\/wp-content\/uploads\/2025\/11\/Sandra-Monterroso_Mujer-Ofrendando-hilo-y-concha_-681x1024.png\" alt=\"\" class=\"wp-image-1252\" srcset=\"https:\/\/mazorca.art\/wp-content\/uploads\/2025\/11\/Sandra-Monterroso_Mujer-Ofrendando-hilo-y-concha_-681x1024.png 681w, https:\/\/mazorca.art\/wp-content\/uploads\/2025\/11\/Sandra-Monterroso_Mujer-Ofrendando-hilo-y-concha_-199x300.png 199w, https:\/\/mazorca.art\/wp-content\/uploads\/2025\/11\/Sandra-Monterroso_Mujer-Ofrendando-hilo-y-concha_-768x1155.png 768w, https:\/\/mazorca.art\/wp-content\/uploads\/2025\/11\/Sandra-Monterroso_Mujer-Ofrendando-hilo-y-concha_-1021x1536.png 1021w, https:\/\/mazorca.art\/wp-content\/uploads\/2025\/11\/Sandra-Monterroso_Mujer-Ofrendando-hilo-y-concha_-1362x2048.png 1362w, https:\/\/mazorca.art\/wp-content\/uploads\/2025\/11\/Sandra-Monterroso_Mujer-Ofrendando-hilo-y-concha_-1320x1985.png 1320w\" sizes=\"(max-width: 681px) 100vw, 681px\" \/><\/figure>\n\n\n\n<figure class=\"wp-block-image size-large\"><img loading=\"lazy\" decoding=\"async\" width=\"1024\" height=\"654\" src=\"https:\/\/mazorca.art\/wp-content\/uploads\/2025\/11\/Captura-de-pantalla-2025-05-01-a-las-18.50.17-1024x654.png\" alt=\"\" class=\"wp-image-1256\" srcset=\"https:\/\/mazorca.art\/wp-content\/uploads\/2025\/11\/Captura-de-pantalla-2025-05-01-a-las-18.50.17-1024x654.png 1024w, https:\/\/mazorca.art\/wp-content\/uploads\/2025\/11\/Captura-de-pantalla-2025-05-01-a-las-18.50.17-300x192.png 300w, https:\/\/mazorca.art\/wp-content\/uploads\/2025\/11\/Captura-de-pantalla-2025-05-01-a-las-18.50.17-768x491.png 768w, https:\/\/mazorca.art\/wp-content\/uploads\/2025\/11\/Captura-de-pantalla-2025-05-01-a-las-18.50.17-1320x843.png 1320w, https:\/\/mazorca.art\/wp-content\/uploads\/2025\/11\/Captura-de-pantalla-2025-05-01-a-las-18.50.17.png 1326w\" sizes=\"(max-width: 767px) 89vw, (max-width: 1000px) 54vw, (max-width: 1071px) 543px, 580px\" \/><figcaption class=\"wp-element-caption\">Zoom anunciando el premio<\/figcaption><\/figure>\n\n\n\n<figure class=\"wp-block-image size-large\"><img loading=\"lazy\" decoding=\"async\" width=\"640\" height=\"622\" src=\"https:\/\/mazorca.art\/wp-content\/uploads\/2025\/11\/Paris_Codex_pages_23-24.jpeg\" alt=\"\" class=\"wp-image-1257\" srcset=\"https:\/\/mazorca.art\/wp-content\/uploads\/2025\/11\/Paris_Codex_pages_23-24.jpeg 640w, https:\/\/mazorca.art\/wp-content\/uploads\/2025\/11\/Paris_Codex_pages_23-24-300x292.jpeg 300w\" sizes=\"(max-width: 640px) 100vw, 640px\" \/><figcaption class=\"wp-element-caption\">C\u00f3dice llamado &#8220;de Par\u00eds&#8221;<\/figcaption><\/figure>\n\n\n\n<figure class=\"wp-block-image size-large\"><img loading=\"lazy\" decoding=\"async\" width=\"768\" height=\"1024\" src=\"https:\/\/mazorca.art\/wp-content\/uploads\/2025\/11\/Sandra-Monterroso-Christina-CM-768x1024.jpg\" alt=\"\" class=\"wp-image-1250\" srcset=\"https:\/\/mazorca.art\/wp-content\/uploads\/2025\/11\/Sandra-Monterroso-Christina-CM-768x1024.jpg 768w, https:\/\/mazorca.art\/wp-content\/uploads\/2025\/11\/Sandra-Monterroso-Christina-CM-225x300.jpg 225w, https:\/\/mazorca.art\/wp-content\/uploads\/2025\/11\/Sandra-Monterroso-Christina-CM-1152x1536.jpg 1152w, https:\/\/mazorca.art\/wp-content\/uploads\/2025\/11\/Sandra-Monterroso-Christina-CM-1536x2048.jpg 1536w, https:\/\/mazorca.art\/wp-content\/uploads\/2025\/11\/Sandra-Monterroso-Christina-CM-1320x1760.jpg 1320w, https:\/\/mazorca.art\/wp-content\/uploads\/2025\/11\/Sandra-Monterroso-Christina-CM-scaled.jpg 1920w\" sizes=\"(max-width: 767px) 89vw, (max-width: 1000px) 54vw, (max-width: 1071px) 543px, 580px\" \/><figcaption class=\"wp-element-caption\">Visita de estudio previa a la residencia<\/figcaption><\/figure>\n\n\n\n<figure class=\"wp-block-image size-large\"><img loading=\"lazy\" decoding=\"async\" width=\"768\" height=\"1024\" src=\"https:\/\/mazorca.art\/wp-content\/uploads\/2025\/11\/Sandra-Monterroso-Performance-MAL-768x1024.jpg\" alt=\"\" class=\"wp-image-1268\" srcset=\"https:\/\/mazorca.art\/wp-content\/uploads\/2025\/11\/Sandra-Monterroso-Performance-MAL-768x1024.jpg 768w, https:\/\/mazorca.art\/wp-content\/uploads\/2025\/11\/Sandra-Monterroso-Performance-MAL-225x300.jpg 225w, https:\/\/mazorca.art\/wp-content\/uploads\/2025\/11\/Sandra-Monterroso-Performance-MAL-1152x1536.jpg 1152w, https:\/\/mazorca.art\/wp-content\/uploads\/2025\/11\/Sandra-Monterroso-Performance-MAL-1536x2048.jpg 1536w, https:\/\/mazorca.art\/wp-content\/uploads\/2025\/11\/Sandra-Monterroso-Performance-MAL-1320x1760.jpg 1320w, https:\/\/mazorca.art\/wp-content\/uploads\/2025\/11\/Sandra-Monterroso-Performance-MAL-scaled.jpg 1920w\" sizes=\"(max-width: 767px) 89vw, (max-width: 1000px) 54vw, (max-width: 1071px) 543px, 580px\" \/><\/figure>\n\n\n\n<figure class=\"wp-block-image size-large\"><img loading=\"lazy\" decoding=\"async\" width=\"768\" height=\"1024\" src=\"https:\/\/mazorca.art\/wp-content\/uploads\/2025\/11\/IMG_0804-1-768x1024.jpg\" alt=\"\" class=\"wp-image-1272\" srcset=\"https:\/\/mazorca.art\/wp-content\/uploads\/2025\/11\/IMG_0804-1-768x1024.jpg 768w, https:\/\/mazorca.art\/wp-content\/uploads\/2025\/11\/IMG_0804-1-225x300.jpg 225w, https:\/\/mazorca.art\/wp-content\/uploads\/2025\/11\/IMG_0804-1-1152x1536.jpg 1152w, https:\/\/mazorca.art\/wp-content\/uploads\/2025\/11\/IMG_0804-1-1536x2048.jpg 1536w, https:\/\/mazorca.art\/wp-content\/uploads\/2025\/11\/IMG_0804-1-1320x1760.jpg 1320w, https:\/\/mazorca.art\/wp-content\/uploads\/2025\/11\/IMG_0804-1-scaled.jpg 1920w\" sizes=\"(max-width: 767px) 89vw, (max-width: 1000px) 54vw, (max-width: 1071px) 543px, 580px\" \/><\/figure>\n\n\n\n<figure class=\"wp-block-image size-large\"><img loading=\"lazy\" decoding=\"async\" width=\"576\" height=\"1024\" src=\"https:\/\/mazorca.art\/wp-content\/uploads\/2025\/11\/IMG_9602-576x1024.jpeg\" alt=\"\" class=\"wp-image-1274\" srcset=\"https:\/\/mazorca.art\/wp-content\/uploads\/2025\/11\/IMG_9602-576x1024.jpeg 576w, https:\/\/mazorca.art\/wp-content\/uploads\/2025\/11\/IMG_9602-169x300.jpeg 169w, https:\/\/mazorca.art\/wp-content\/uploads\/2025\/11\/IMG_9602-768x1365.jpeg 768w, https:\/\/mazorca.art\/wp-content\/uploads\/2025\/11\/IMG_9602-864x1536.jpeg 864w, https:\/\/mazorca.art\/wp-content\/uploads\/2025\/11\/IMG_9602-1152x2048.jpeg 1152w, https:\/\/mazorca.art\/wp-content\/uploads\/2025\/11\/IMG_9602-1320x2347.jpeg 1320w, https:\/\/mazorca.art\/wp-content\/uploads\/2025\/11\/IMG_9602-scaled.jpeg 1440w\" sizes=\"(max-width: 576px) 100vw, 576px\" \/><\/figure>\n\n\n\n<figure class=\"wp-block-image size-large\"><img loading=\"lazy\" decoding=\"async\" width=\"576\" height=\"1024\" src=\"https:\/\/mazorca.art\/wp-content\/uploads\/2025\/11\/Sandra-Monterroso-Estudio-Cite-des-Arts-576x1024.jpg\" alt=\"\" class=\"wp-image-1276\" srcset=\"https:\/\/mazorca.art\/wp-content\/uploads\/2025\/11\/Sandra-Monterroso-Estudio-Cite-des-Arts-576x1024.jpg 576w, https:\/\/mazorca.art\/wp-content\/uploads\/2025\/11\/Sandra-Monterroso-Estudio-Cite-des-Arts-169x300.jpg 169w, https:\/\/mazorca.art\/wp-content\/uploads\/2025\/11\/Sandra-Monterroso-Estudio-Cite-des-Arts-768x1365.jpg 768w, https:\/\/mazorca.art\/wp-content\/uploads\/2025\/11\/Sandra-Monterroso-Estudio-Cite-des-Arts-864x1536.jpg 864w, https:\/\/mazorca.art\/wp-content\/uploads\/2025\/11\/Sandra-Monterroso-Estudio-Cite-des-Arts-1152x2048.jpg 1152w, https:\/\/mazorca.art\/wp-content\/uploads\/2025\/11\/Sandra-Monterroso-Estudio-Cite-des-Arts-1320x2347.jpg 1320w, https:\/\/mazorca.art\/wp-content\/uploads\/2025\/11\/Sandra-Monterroso-Estudio-Cite-des-Arts-scaled.jpg 1440w\" sizes=\"(max-width: 576px) 100vw, 576px\" \/><\/figure>\n<\/figure>\n<\/div>\n<\/div>\n\n\n\n<p><\/p>\n","protected":false},"excerpt":{"rendered":"<p>Residenta Julio &#8211; Octubre 2025 Sandra Monterroso Sandra Monterroso, Guatemala, 1974 Graduada de Doctorado en filosof\u00eda del arte por la Academia de Arte de Viena en el a\u00f1o 2020. Obtiene una Maestr\u00eda enProcesos de Dise\u00f1o en UPAEP, Universidad de Puebla, M\u00e9xico, en el a\u00f1o 2007. Es licenciada en Dise\u00f1o Gr\u00e1fico por la Universidad Rafael Landivar &hellip; <\/p>\n<p class=\"link-more\"><a href=\"https:\/\/mazorca.art\/?page_id=916\" class=\"more-link\">Continue reading<span class=\"screen-reader-text\"> &#8220;Sandra Monterroso&#8221;<\/span><\/a><\/p>\n","protected":false},"author":1,"featured_media":0,"parent":67,"menu_order":0,"comment_status":"closed","ping_status":"closed","template":"","meta":{"give_campaign_id":0,"footnotes":""},"class_list":["post-916","page","type-page","status-publish","hentry"],"campaignId":"","_links":{"self":[{"href":"https:\/\/mazorca.art\/index.php?rest_route=\/wp\/v2\/pages\/916","targetHints":{"allow":["GET"]}}],"collection":[{"href":"https:\/\/mazorca.art\/index.php?rest_route=\/wp\/v2\/pages"}],"about":[{"href":"https:\/\/mazorca.art\/index.php?rest_route=\/wp\/v2\/types\/page"}],"author":[{"embeddable":true,"href":"https:\/\/mazorca.art\/index.php?rest_route=\/wp\/v2\/users\/1"}],"replies":[{"embeddable":true,"href":"https:\/\/mazorca.art\/index.php?rest_route=%2Fwp%2Fv2%2Fcomments&post=916"}],"version-history":[{"count":18,"href":"https:\/\/mazorca.art\/index.php?rest_route=\/wp\/v2\/pages\/916\/revisions"}],"predecessor-version":[{"id":1277,"href":"https:\/\/mazorca.art\/index.php?rest_route=\/wp\/v2\/pages\/916\/revisions\/1277"}],"up":[{"embeddable":true,"href":"https:\/\/mazorca.art\/index.php?rest_route=\/wp\/v2\/pages\/67"}],"wp:attachment":[{"href":"https:\/\/mazorca.art\/index.php?rest_route=%2Fwp%2Fv2%2Fmedia&parent=916"}],"curies":[{"name":"wp","href":"https:\/\/api.w.org\/{rel}","templated":true}]}}